{"id":3404,"date":"2023-09-29T15:06:29","date_gmt":"2023-09-29T15:06:29","guid":{"rendered":"http:\/\/mec.cl\/?post_type=product&#038;p=3404"},"modified":"2023-11-07T12:06:18","modified_gmt":"2023-11-07T12:06:18","slug":"timbre-inalambrico-m305","status":"publish","type":"product","link":"http:\/\/mec.cl\/web\/producto\/timbre-inalambrico-m305\/","title":{"rendered":"Timbre Inal\u00e1mbrico M305"},"content":{"rendered":"<h4>Caracter\u00edsticas T\u00e9cnicas<\/h4>\n<ul>\n<li>Timbre Inal\u00e1mbrico con luz LED + Receptor<\/li>\n<li><span style=\"color: #000000;\"><strong>Frecuencia de trabajo:<\/strong><\/span> 433,92MHz<\/li>\n<li>Transmisor a pila<\/li>\n<li><span style=\"color: #000000;\"><strong>Tipo de pila transmisor: <\/strong><\/span>CR2032 3V Lithium (<span style=\"color: #000000;\">no incluida<\/span>)<\/li>\n<li><strong><span style=\"color: #000000;\">Tensi\u00f3n de trabajo:<\/span><\/strong> AC 110-260V<\/li>\n<li><strong><span style=\"color: #000000;\">Potencia AC receptor:<\/span> <\/strong>0.25W<\/li>\n<li><span style=\"color: #000000;\"><strong>Corriente de trabajo:<\/strong><\/span> &lt;11mA (220V AC)<\/li>\n<li><span style=\"color: #000000;\"><strong>Temperatura de trabajo:<\/strong><\/span> -10\u00b0C ~ 45\u00b0C<\/li>\n<li><strong><span style=\"color: #000000;\">Rango volumen:<\/span> <\/strong>115 dB m\u00e1x.<\/li>\n<li><strong><span style=\"color: #000000;\">Indice de protecci\u00f3n:<\/span> <\/strong>IP55<\/li>\n<li>Distancia de operaci\u00f3n hasta 305m (en entorno ideal sin interferencias)<\/li>\n<li>7 niveles de volumen ajustables<\/li>\n<li>56 tonos para elegir<\/li>\n<\/ul>\n<hr \/>\n<p><span style=\"color: #000000;\"><strong>Unidades por envase: 1<\/strong><\/span><\/p>\n","protected":false},"excerpt":{"rendered":"<h4>Timbre Inal\u00e1mbrico M305<\/h4>\n<hr \/>\n<p><span style=\"color: #000000;\"><strong>\u00a0\u00a0C\u00f3digo: 5000TI3791<\/strong><\/span><\/p>\n<hr \/>\n<p><span style=\"color: #000000;\"><em><strong>Unidades por envase: 1<\/strong><\/em><\/span><\/p>\n","protected":false},"featured_media":4711,"template":"","meta":{"site-sidebar-layout":"default","site-content-layout":"","ast-site-content-layout":"default","site-content-style":"default","site-sidebar-style":"default","ast-global-header-display":"","ast-banner-title-visibility":"","ast-main-header-display":"","ast-hfb-above-header-display":"","ast-hfb-below-header-display":"","ast-hfb-mobile-header-display":"","site-post-title":"","ast-breadcrumbs-content":"","ast-featured-img":"","footer-sml-layout":"","theme-transparent-header-meta":"default","adv-header-id-meta":"","stick-header-meta":"","header-above-stick-meta":"","header-main-stick-meta":"","header-below-stick-meta":"","astra-migrate-meta-layouts":"set","ast-page-background-enabled":"default","ast-page-background-meta":{"desktop":{"background-color":"var(--ast-global-color-4)","background-image":"","background-repeat":"repeat","background-position":"center center","background-size":"auto","background-attachment":"scroll","background-type":"","background-media":"","overlay-type":"","overlay-color":"","overlay-gradient":""},"tablet":{"background-color":"","background-image":"","background-repeat":"repeat","background-position":"center center","background-size":"auto","background-attachment":"scroll","background-type":"","background-media":"","overlay-type":"","overlay-color":"","overlay-gradient":""},"mobile":{"background-color":"","background-image":"","background-repeat":"repeat","background-position":"center center","background-size":"auto","background-attachment":"scroll","background-type":"","background-media":"","overlay-type":"","overlay-color":"","overlay-gradient":""}},"ast-content-background-meta":{"desktop":{"background-color":"var(--ast-global-color-5)","background-image":"","background-repeat":"repeat","background-position":"center center","background-size":"auto","background-attachment":"scroll","background-type":"","background-media":"","overlay-type":"","overlay-color":"","overlay-gradient":""},"tablet":{"background-color":"var(--ast-global-color-5)","background-image":"","background-repeat":"repeat","background-position":"center center","background-size":"auto","background-attachment":"scroll","background-type":"","background-media":"","overlay-type":"","overlay-color":"","overlay-gradient":""},"mobile":{"background-color":"var(--ast-global-color-5)","background-image":"","background-repeat":"repeat","background-position":"center center","background-size":"auto","background-attachment":"scroll","background-type":"","background-media":"","overlay-type":"","overlay-color":"","overlay-gradient":""}}},"product_cat":[693,72],"product_tag":[],"class_list":{"0":"post-3404","1":"product","2":"type-product","3":"status-publish","4":"has-post-thumbnail","6":"product_cat-timbres-inalambricos","7":"product_cat-temporizadores","8":"desktop-align-center","9":"tablet-align-left","10":"mobile-align-left","12":"first","13":"instock","14":"shipping-taxable","15":"purchasable","16":"product-type-simple"},"_links":{"self":[{"href":"http:\/\/mec.cl\/web\/wp-json\/wp\/v2\/product\/3404","targetHints":{"allow":["GET"]}}],"collection":[{"href":"http:\/\/mec.cl\/web\/wp-json\/wp\/v2\/product"}],"about":[{"href":"http:\/\/mec.cl\/web\/wp-json\/wp\/v2\/types\/product"}],"version-history":[{"count":1,"href":"http:\/\/mec.cl\/web\/wp-json\/wp\/v2\/product\/3404\/revisions"}],"predecessor-version":[{"id":4717,"href":"http:\/\/mec.cl\/web\/wp-json\/wp\/v2\/product\/3404\/revisions\/4717"}],"wp:featuredmedia":[{"embeddable":true,"href":"http:\/\/mec.cl\/web\/wp-json\/wp\/v2\/media\/4711"}],"wp:attachment":[{"href":"http:\/\/mec.cl\/web\/wp-json\/wp\/v2\/media?parent=3404"}],"wp:term":[{"taxonomy":"product_cat","embeddable":true,"href":"http:\/\/mec.cl\/web\/wp-json\/wp\/v2\/product_cat?post=3404"},{"taxonomy":"product_tag","embeddable":true,"href":"http:\/\/mec.cl\/web\/wp-json\/wp\/v2\/product_tag?post=3404"}],"curies":[{"name":"wp","href":"https:\/\/api.w.org\/{rel}","templated":true}]}}