{"id":2259,"date":"2023-09-01T14:44:59","date_gmt":"2023-09-01T14:44:59","guid":{"rendered":"http:\/\/mec.cl\/?post_type=product&#038;p=2259"},"modified":"2023-10-05T12:18:22","modified_gmt":"2023-10-05T12:18:22","slug":"abrazaderas-de-cobre","status":"publish","type":"product","link":"http:\/\/mec.cl\/web\/producto\/abrazaderas-de-cobre\/","title":{"rendered":"Abrazaderas De Cobre"},"content":{"rendered":"<h4>\u00a0 \u00a0 \u00a0 \u00a0 \u00a0 \u00a0C\u00f3digo\u00a0 \u00a0 \u00a0 \u00a0 \u00a0 \u00a0 \u00a0 \u00a0 \u00a0 \u00a0 \u00a0 \u00a0Descripci\u00f3n\u00a0 \u00a0 \u00a0 \u00a0 \u00a0 \u00a0 \u00a0 \u00a0 \u00a0 Uni\/Env<\/h4>\n<hr \/>\n<ul>\n<li>0800AC0021\u00a0 \u00a0 \u00a0 \u00a0 \u00a0 \u00a0 \u00a0 Abrazadera 3\/8\u2033 \u2013 espesor 0,5mm\u00a0 \u00a0 \u00a0 \u00a0 \u00a0 \u00a0 \u00a0 \u00a0 \u00a0 100<br \/>\n<hr \/>\n<\/li>\n<li>0800AC0082\u00a0 \u00a0 \u00a0 \u00a0 \u00a0 \u00a0 \u00a0Abrazadera 1\/2\u2033 \u2013 espesor 0,5mm\u00a0 \u00a0 \u00a0 \u00a0 \u00a0 \u00a0 \u00a0 \u00a0 \u00a0 \u00a0100<br \/>\n<hr \/>\n<\/li>\n<li>0800AC0023\u00a0 \u00a0 \u00a0 \u00a0 \u00a0 \u00a0 \u00a0Abrazadera 3\/4\u2033 \u2013 espesor 0,8mm\u00a0 \u00a0 \u00a0 \u00a0 \u00a0 \u00a0 \u00a0 \u00a0 \u00a0 \u00a050<br \/>\n<hr \/>\n<\/li>\n<li>0800AC0024\u00a0 \u00a0 \u00a0 \u00a0 \u00a0 \u00a0 \u00a0Abrazadera 1\u2033 \u2013 espesor 0,8mm\u00a0 \u00a0 \u00a0 \u00a0 \u00a0 \u00a0 \u00a0 \u00a0 \u00a0 \u00a0 \u00a0 \u00a0 \u00a050<\/li>\n<\/ul>\n<hr \/>\n<h4>Caracter\u00edsticas T\u00e9cnicas<\/h4>\n<ul>\n<li>Alta resistencia al envejecimiento<\/li>\n<li>Elevada resistencia mec\u00e1nica<\/li>\n<li>Modelos met\u00e1licos ba\u00f1ados en zinc electrol\u00edtico, otorga protecci\u00f3n al \u00f3xido<\/li>\n<\/ul>\n","protected":false},"excerpt":{"rendered":"<h4>\u00a0 \u00a0 \u00a0 \u00a0 \u00a0 \u00a0C\u00f3digo\u00a0 \u00a0 \u00a0 \u00a0 \u00a0 \u00a0 \u00a0 \u00a0 \u00a0 \u00a0 \u00a0 \u00a0Descripci\u00f3n<\/h4>\n<hr \/>\n<ul>\n<li>0800AC0021\u00a0 \u00a0 \u00a0 \u00a0 \u00a0 \u00a0 \u00a0 \u00a0 Abrazadera 3\/8\u2033 \u2013 espesor 0,5mm<br \/>\n<hr \/>\n<\/li>\n<li>0800AC0082\u00a0 \u00a0 \u00a0 \u00a0 \u00a0 \u00a0 \u00a0 \u00a0Abrazadera 1\/2\u2033 \u2013 espesor 0,5mm<br \/>\n<hr \/>\n<\/li>\n<li>0800AC0023\u00a0 \u00a0 \u00a0 \u00a0 \u00a0 \u00a0 \u00a0 \u00a0Abrazadera 3\/4\u2033 \u2013 espesor 0,8mm<br \/>\n<hr \/>\n<\/li>\n<li>0800AC0024\u00a0 \u00a0 \u00a0 \u00a0 \u00a0 \u00a0 \u00a0 \u00a0Abrazadera 1\u2033 \u2013 espesor 0,8mm<\/li>\n<\/ul>\n<hr \/>\n<h4><\/h4>\n","protected":false},"featured_media":3659,"template":"","meta":{"site-sidebar-layout":"default","site-content-layout":"","ast-site-content-layout":"default","site-content-style":"default","site-sidebar-style":"default","ast-global-header-display":"","ast-banner-title-visibility":"","ast-main-header-display":"","ast-hfb-above-header-display":"","ast-hfb-below-header-display":"","ast-hfb-mobile-header-display":"","site-post-title":"","ast-breadcrumbs-content":"","ast-featured-img":"","footer-sml-layout":"","theme-transparent-header-meta":"default","adv-header-id-meta":"","stick-header-meta":"","header-above-stick-meta":"","header-main-stick-meta":"","header-below-stick-meta":"","astra-migrate-meta-layouts":"set","ast-page-background-enabled":"default","ast-page-background-meta":{"desktop":{"background-color":"var(--ast-global-color-4)","background-image":"","background-repeat":"repeat","background-position":"center center","background-size":"auto","background-attachment":"scroll","background-type":"","background-media":"","overlay-type":"","overlay-color":"","overlay-gradient":""},"tablet":{"background-color":"","background-image":"","background-repeat":"repeat","background-position":"center center","background-size":"auto","background-attachment":"scroll","background-type":"","background-media":"","overlay-type":"","overlay-color":"","overlay-gradient":""},"mobile":{"background-color":"","background-image":"","background-repeat":"repeat","background-position":"center center","background-size":"auto","background-attachment":"scroll","background-type":"","background-media":"","overlay-type":"","overlay-color":"","overlay-gradient":""}},"ast-content-background-meta":{"desktop":{"background-color":"var(--ast-global-color-5)","background-image":"","background-repeat":"repeat","background-position":"center center","background-size":"auto","background-attachment":"scroll","background-type":"","background-media":"","overlay-type":"","overlay-color":"","overlay-gradient":""},"tablet":{"background-color":"var(--ast-global-color-5)","background-image":"","background-repeat":"repeat","background-position":"center center","background-size":"auto","background-attachment":"scroll","background-type":"","background-media":"","overlay-type":"","overlay-color":"","overlay-gradient":""},"mobile":{"background-color":"var(--ast-global-color-5)","background-image":"","background-repeat":"repeat","background-position":"center center","background-size":"auto","background-attachment":"scroll","background-type":"","background-media":"","overlay-type":"","overlay-color":"","overlay-gradient":""}}},"product_cat":[196,186],"product_tag":[],"class_list":{"0":"post-2259","1":"product","2":"type-product","3":"status-publish","4":"has-post-thumbnail","6":"product_cat-abrazaderas-y-accesorios","7":"product_cat-cajas-tableros-y-gabinetes-metalicos","8":"desktop-align-center","9":"tablet-align-left","10":"mobile-align-left","12":"first","13":"instock","14":"shipping-taxable","15":"purchasable","16":"product-type-variable"},"_links":{"self":[{"href":"http:\/\/mec.cl\/web\/wp-json\/wp\/v2\/product\/2259","targetHints":{"allow":["GET"]}}],"collection":[{"href":"http:\/\/mec.cl\/web\/wp-json\/wp\/v2\/product"}],"about":[{"href":"http:\/\/mec.cl\/web\/wp-json\/wp\/v2\/types\/product"}],"version-history":[{"count":0,"href":"http:\/\/mec.cl\/web\/wp-json\/wp\/v2\/product\/2259\/revisions"}],"wp:featuredmedia":[{"embeddable":true,"href":"http:\/\/mec.cl\/web\/wp-json\/wp\/v2\/media\/3659"}],"wp:attachment":[{"href":"http:\/\/mec.cl\/web\/wp-json\/wp\/v2\/media?parent=2259"}],"wp:term":[{"taxonomy":"product_cat","embeddable":true,"href":"http:\/\/mec.cl\/web\/wp-json\/wp\/v2\/product_cat?post=2259"},{"taxonomy":"product_tag","embeddable":true,"href":"http:\/\/mec.cl\/web\/wp-json\/wp\/v2\/product_tag?post=2259"}],"curies":[{"name":"wp","href":"https:\/\/api.w.org\/{rel}","templated":true}]}}