{"id":2198,"date":"2023-08-30T21:51:02","date_gmt":"2023-08-30T21:51:02","guid":{"rendered":"http:\/\/mec.cl\/?post_type=product&#038;p=2198"},"modified":"2023-09-26T13:20:07","modified_gmt":"2023-09-26T13:20:07","slug":"caja-de-distribucion-para-tabique","status":"publish","type":"product","link":"http:\/\/mec.cl\/web\/producto\/caja-de-distribucion-para-tabique\/","title":{"rendered":"Caja De Distribuci\u00f3n Para Tabique"},"content":{"rendered":"<hr \/>\n<ul>\n<li>Caja de distribuci\u00f3n para tabiquer\u00eda con grafeta Met\u00e1lica.<\/li>\n<\/ul>\n<hr \/>\n<h4>Caracter\u00edsticas T\u00e9cnicas<\/h4>\n<p><span style=\"color: #000000;\"><strong>Modelo extra espacioso\u00a0<\/strong><\/span><\/p>\n<ul>\n<li>Color: Naranja<\/li>\n<li>12 Entradas para tuber\u00eda de 16mm y 20mm (5\/8\u2033 a 3\/4\u2033)<\/li>\n<li>Elevada resistencia mec\u00e1nica.<\/li>\n<li>Soporta ensayo hilo incandescente a 850\u00b0C.<\/li>\n<\/ul>\n<hr \/>\n<p><span style=\"color: #000000;\"><strong>Unidades por envase: 100<\/strong><\/span><\/p>\n","protected":false},"excerpt":{"rendered":"<h4>Caja De Distribuci\u00f3n Para Tabiquer\u00eda Con Grafeta Met\u00e1lica.<\/h4>\n<hr \/>\n<ul>\n<li>C\u00f3digo:\u00a0<span style=\"color: #000000;\"><strong>0600CE0516<\/strong><\/span><\/li>\n<\/ul>\n<hr \/>\n<p><span style=\"color: #000000;\"><em><strong>Unidades por envase: 100<\/strong><\/em><\/span><\/p>\n","protected":false},"featured_media":3267,"template":"","meta":{"site-sidebar-layout":"default","site-content-layout":"","ast-site-content-layout":"default","site-content-style":"default","site-sidebar-style":"default","ast-global-header-display":"","ast-banner-title-visibility":"","ast-main-header-display":"","ast-hfb-above-header-display":"","ast-hfb-below-header-display":"","ast-hfb-mobile-header-display":"","site-post-title":"","ast-breadcrumbs-content":"","ast-featured-img":"","footer-sml-layout":"","theme-transparent-header-meta":"default","adv-header-id-meta":"","stick-header-meta":"","header-above-stick-meta":"","header-main-stick-meta":"","header-below-stick-meta":"","astra-migrate-meta-layouts":"set","ast-page-background-enabled":"default","ast-page-background-meta":{"desktop":{"background-color":"var(--ast-global-color-4)","background-image":"","background-repeat":"repeat","background-position":"center center","background-size":"auto","background-attachment":"scroll","background-type":"","background-media":"","overlay-type":"","overlay-color":"","overlay-gradient":""},"tablet":{"background-color":"","background-image":"","background-repeat":"repeat","background-position":"center center","background-size":"auto","background-attachment":"scroll","background-type":"","background-media":"","overlay-type":"","overlay-color":"","overlay-gradient":""},"mobile":{"background-color":"","background-image":"","background-repeat":"repeat","background-position":"center center","background-size":"auto","background-attachment":"scroll","background-type":"","background-media":"","overlay-type":"","overlay-color":"","overlay-gradient":""}},"ast-content-background-meta":{"desktop":{"background-color":"var(--ast-global-color-5)","background-image":"","background-repeat":"repeat","background-position":"center center","background-size":"auto","background-attachment":"scroll","background-type":"","background-media":"","overlay-type":"","overlay-color":"","overlay-gradient":""},"tablet":{"background-color":"var(--ast-global-color-5)","background-image":"","background-repeat":"repeat","background-position":"center center","background-size":"auto","background-attachment":"scroll","background-type":"","background-media":"","overlay-type":"","overlay-color":"","overlay-gradient":""},"mobile":{"background-color":"var(--ast-global-color-5)","background-image":"","background-repeat":"repeat","background-position":"center center","background-size":"auto","background-attachment":"scroll","background-type":"","background-media":"","overlay-type":"","overlay-color":"","overlay-gradient":""}}},"product_cat":[191,186],"product_tag":[],"class_list":{"0":"post-2198","1":"product","2":"type-product","3":"status-publish","4":"has-post-thumbnail","6":"product_cat-cajas-de-distribucion","7":"product_cat-cajas-tableros-y-gabinetes-metalicos","8":"desktop-align-center","9":"tablet-align-left","10":"mobile-align-left","12":"first","13":"instock","14":"shipping-taxable","15":"purchasable","16":"product-type-simple"},"_links":{"self":[{"href":"http:\/\/mec.cl\/web\/wp-json\/wp\/v2\/product\/2198","targetHints":{"allow":["GET"]}}],"collection":[{"href":"http:\/\/mec.cl\/web\/wp-json\/wp\/v2\/product"}],"about":[{"href":"http:\/\/mec.cl\/web\/wp-json\/wp\/v2\/types\/product"}],"version-history":[{"count":0,"href":"http:\/\/mec.cl\/web\/wp-json\/wp\/v2\/product\/2198\/revisions"}],"wp:featuredmedia":[{"embeddable":true,"href":"http:\/\/mec.cl\/web\/wp-json\/wp\/v2\/media\/3267"}],"wp:attachment":[{"href":"http:\/\/mec.cl\/web\/wp-json\/wp\/v2\/media?parent=2198"}],"wp:term":[{"taxonomy":"product_cat","embeddable":true,"href":"http:\/\/mec.cl\/web\/wp-json\/wp\/v2\/product_cat?post=2198"},{"taxonomy":"product_tag","embeddable":true,"href":"http:\/\/mec.cl\/web\/wp-json\/wp\/v2\/product_tag?post=2198"}],"curies":[{"name":"wp","href":"https:\/\/api.w.org\/{rel}","templated":true}]}}