{"id":1110,"date":"2023-08-03T15:21:31","date_gmt":"2023-08-03T15:21:31","guid":{"rendered":"http:\/\/mec.cl\/?post_type=product&#038;p=1110"},"modified":"2023-10-13T14:05:09","modified_gmt":"2023-10-13T14:05:09","slug":"modulo-toma-coaxial-rg6","status":"publish","type":"product","link":"http:\/\/mec.cl\/web\/producto\/modulo-toma-coaxial-rg6\/","title":{"rendered":"M\u00f3dulo Toma Coaxial RG6"},"content":{"rendered":"<h4>\u00a0 \u00a0 \u00a0 C\u00f3digo\u00a0 \u00a0 \u00a0 \u00a0 \u00a0 \u00a0 \u00a0 \u00a0 \u00a0 \u00a0 \u00a0 Color<\/h4>\n<hr \/>\n<ul>\n<li>0200TA0146 \u00a0 \u00a0 \u00a0 \u00a0 \u00a0 \u00a0 \u00a0 \u00a0 \u00a0 \u00a0 \u00a0 \u00a0 \u00a0 Blanco<\/li>\n<li>\n<hr \/>\n<p>0200TA0156 \u00a0 \u00a0 \u00a0 \u00a0 \u00a0 \u00a0 \u00a0 \u00a0 \u00a0 \u00a0 \u00a0 \u00a0 \u00a0 Caf\u00e9<\/li>\n<li>\n<hr \/>\n<p>0200TA0176 \u00a0 \u00a0 \u00a0 \u00a0 \u00a0 \u00a0 \u00a0 \u00a0 \u00a0 \u00a0 \u00a0 \u00a0 \u00a0 Beige<\/li>\n<li>\n<hr \/>\n<p>0200TA0166 \u00a0 \u00a0 \u00a0 \u00a0 \u00a0 \u00a0 \u00a0 \u00a0 \u00a0 \u00a0 \u00a0 \u00a0 \u00a0 Noir<\/li>\n<\/ul>\n<hr \/>\n<p>Toma coaxial para se\u00f1ales RF, como radio, Televisi\u00f3n por cable, extensiones de amplificaci\u00f3n de se\u00f1ales y otros. Incluye conector macho.<\/p>\n<hr \/>\n<h4>Caracter\u00edsticas T\u00e9cnicas<\/h4>\n<ul>\n<li>Compatibilidad: RG6<\/li>\n<li>Cableado: Coaxial de Protecci\u00f3n simple<\/li>\n<\/ul>\n<hr \/>\n<p><span style=\"color: #000000;\"><strong>Unidades por Envase: 25<\/strong><\/span><\/p>\n","protected":false},"excerpt":{"rendered":"<h4>M\u00f3dulo Toma Coaxial RG6<\/h4>\n<hr \/>\n<p>Toma coaxial para se\u00f1ales RF, como radio, Televisi\u00f3n por cable, extensiones de amplificaci\u00f3n de se\u00f1ales y otros. Incluye conector macho.<\/p>\n<hr \/>\n<p><span style=\"color: #000000;\"><em><strong>Unidades por Envase: 25<\/strong><\/em><\/span><\/p>\n","protected":false},"featured_media":4026,"template":"","meta":{"site-sidebar-layout":"default","site-content-layout":"default","ast-site-content-layout":"default","site-content-style":"default","site-sidebar-style":"default","ast-global-header-display":"","ast-banner-title-visibility":"","ast-main-header-display":"","ast-hfb-above-header-display":"","ast-hfb-below-header-display":"","ast-hfb-mobile-header-display":"","site-post-title":"","ast-breadcrumbs-content":"","ast-featured-img":"","footer-sml-layout":"","theme-transparent-header-meta":"default","adv-header-id-meta":"","stick-header-meta":"","header-above-stick-meta":"","header-main-stick-meta":"","header-below-stick-meta":"","astra-migrate-meta-layouts":"set","ast-page-background-enabled":"default","ast-page-background-meta":{"desktop":{"background-color":"var(--ast-global-color-4)","background-image":"","background-repeat":"repeat","background-position":"center center","background-size":"auto","background-attachment":"scroll","background-type":"","background-media":"","overlay-type":"","overlay-color":"","overlay-gradient":""},"tablet":{"background-color":"","background-image":"","background-repeat":"repeat","background-position":"center center","background-size":"auto","background-attachment":"scroll","background-type":"","background-media":"","overlay-type":"","overlay-color":"","overlay-gradient":""},"mobile":{"background-color":"","background-image":"","background-repeat":"repeat","background-position":"center center","background-size":"auto","background-attachment":"scroll","background-type":"","background-media":"","overlay-type":"","overlay-color":"","overlay-gradient":""}},"ast-content-background-meta":{"desktop":{"background-color":"var(--ast-global-color-5)","background-image":"","background-repeat":"repeat","background-position":"center center","background-size":"auto","background-attachment":"scroll","background-type":"","background-media":"","overlay-type":"","overlay-color":"","overlay-gradient":""},"tablet":{"background-color":"var(--ast-global-color-5)","background-image":"","background-repeat":"repeat","background-position":"center center","background-size":"auto","background-attachment":"scroll","background-type":"","background-media":"","overlay-type":"","overlay-color":"","overlay-gradient":""},"mobile":{"background-color":"var(--ast-global-color-5)","background-image":"","background-repeat":"repeat","background-position":"center center","background-size":"auto","background-attachment":"scroll","background-type":"","background-media":"","overlay-type":"","overlay-color":"","overlay-gradient":""}}},"product_cat":[18,34,41],"product_tag":[],"class_list":{"0":"post-1110","1":"product","2":"type-product","3":"status-publish","4":"has-post-thumbnail","6":"product_cat-aris","7":"product_cat-modulos","8":"product_cat-fonia-coaxiales","9":"desktop-align-center","10":"tablet-align-left","11":"mobile-align-left","13":"first","14":"instock","15":"shipping-taxable","16":"purchasable","17":"product-type-variable"},"_links":{"self":[{"href":"http:\/\/mec.cl\/web\/wp-json\/wp\/v2\/product\/1110","targetHints":{"allow":["GET"]}}],"collection":[{"href":"http:\/\/mec.cl\/web\/wp-json\/wp\/v2\/product"}],"about":[{"href":"http:\/\/mec.cl\/web\/wp-json\/wp\/v2\/types\/product"}],"version-history":[{"count":2,"href":"http:\/\/mec.cl\/web\/wp-json\/wp\/v2\/product\/1110\/revisions"}],"predecessor-version":[{"id":3075,"href":"http:\/\/mec.cl\/web\/wp-json\/wp\/v2\/product\/1110\/revisions\/3075"}],"wp:featuredmedia":[{"embeddable":true,"href":"http:\/\/mec.cl\/web\/wp-json\/wp\/v2\/media\/4026"}],"wp:attachment":[{"href":"http:\/\/mec.cl\/web\/wp-json\/wp\/v2\/media?parent=1110"}],"wp:term":[{"taxonomy":"product_cat","embeddable":true,"href":"http:\/\/mec.cl\/web\/wp-json\/wp\/v2\/product_cat?post=1110"},{"taxonomy":"product_tag","embeddable":true,"href":"http:\/\/mec.cl\/web\/wp-json\/wp\/v2\/product_tag?post=1110"}],"curies":[{"name":"wp","href":"https:\/\/api.w.org\/{rel}","templated":true}]}}